{"id":291,"date":"2025-05-01T21:09:51","date_gmt":"2025-05-01T21:09:51","guid":{"rendered":"https:\/\/somossales.io\/?page_id=291"},"modified":"2025-05-01T21:25:51","modified_gmt":"2025-05-01T21:25:51","slug":"aviso-de-privacidad-y-uso-de-cookies","status":"publish","type":"page","link":"https:\/\/somossales.io\/en\/aviso-de-privacidad-y-uso-de-cookies\/","title":{"rendered":"Privacy Policy &amp; Cookie Use"},"content":{"rendered":"<p><strong>Privacy Policy &amp; Cookie Use<\/strong><br>En SomosSales nos tomamos muy en serio tu privacidad y la seguridad de tu informaci\u00f3n.<\/p>\n\n\n\n<p><strong>Protecci\u00f3n de Datos<\/strong><br>Los datos personales que nos proporciones a trav\u00e9s de formularios de contacto, suscripciones o cualquier otro medio en esta web, ser\u00e1n tratados con absoluta confidencialidad y utilizados \u00fanicamente con el fin de responder a tus solicitudes, ofrecerte nuestros servicios y mantenerte informado sobre contenidos relacionados con ventas y crecimiento empresarial.<\/p>\n\n\n\n<p>No compartimos tus datos con terceros sin tu consentimiento. Puedes solicitar la modificaci\u00f3n o eliminaci\u00f3n de tus datos en cualquier momento escribiendo a: contacto@somossales.com<\/p>\n\n\n\n<p><strong>Pol\u00edtica de Cookies<\/strong><br>Este sitio web utiliza cookies propias y de terceros para mejorar la experiencia de navegaci\u00f3n, analizar el tr\u00e1fico del sitio y mostrarte contenido relevante. Al navegar por nuestro sitio, aceptas el uso de cookies. Puedes desactivarlas o modificar su<br>configuraci\u00f3n desde tu navegador en cualquier momento. Para m\u00e1s informaci\u00f3n sobre c\u00f3mo protegemos tu privacidad o c\u00f3mo usamos las cookies, puedes contactarnos directamente. Porque tu confianza tambi\u00e9n se gana antes del primer cierre.<\/p>","protected":false},"excerpt":{"rendered":"<p>Aviso de Privacidad y Uso de CookiesEn SomosSales nos tomamos muy en serio tu privacidad y la seguridad de tu informaci\u00f3n. Protecci\u00f3n de DatosLos datos personales que nos proporciones a trav\u00e9s de formularios de contacto, suscripciones o cualquier otro medio en esta web, ser\u00e1n tratados con absoluta confidencialidad y utilizados \u00fanicamente con el fin de [&hellip;]<\/p>","protected":false},"author":2,"featured_media":0,"parent":0,"menu_order":0,"comment_status":"closed","ping_status":"closed","template":"","meta":{"_et_pb_use_builder":"off","_et_pb_old_content":"","_et_gb_content_width":"","footnotes":""},"class_list":["post-291","page","type-page","status-publish","hentry"],"_links":{"self":[{"href":"https:\/\/somossales.io\/en\/wp-json\/wp\/v2\/pages\/291"}],"collection":[{"href":"https:\/\/somossales.io\/en\/wp-json\/wp\/v2\/pages"}],"about":[{"href":"https:\/\/somossales.io\/en\/wp-json\/wp\/v2\/types\/page"}],"author":[{"embeddable":true,"href":"https:\/\/somossales.io\/en\/wp-json\/wp\/v2\/users\/2"}],"replies":[{"embeddable":true,"href":"https:\/\/somossales.io\/en\/wp-json\/wp\/v2\/comments?post=291"}],"version-history":[{"count":0,"href":"https:\/\/somossales.io\/en\/wp-json\/wp\/v2\/pages\/291\/revisions"}],"wp:attachment":[{"href":"https:\/\/somossales.io\/en\/wp-json\/wp\/v2\/media?parent=291"}],"curies":[{"name":"wp","href":"https:\/\/api.w.org\/{rel}","templated":true}]}}